{"id":1464,"date":"2020-03-06T14:35:54","date_gmt":"2020-03-06T14:35:54","guid":{"rendered":"http:\/\/neobeat.qodeinteractive.com\/?page_id=1464"},"modified":"2023-04-09T16:23:32","modified_gmt":"2023-04-09T15:23:32","slug":"promoteyourevent","status":"publish","type":"page","link":"https:\/\/themoroccanelectronicmusic.com\/fr\/faites-la-promotion-de-votre-evenement\/","title":{"rendered":"Promouvoir votre \u00e9v\u00e9nement"},"content":{"rendered":"<div data-elementor-type=\"wp-page\" data-elementor-id=\"1464\" class=\"elementor elementor-1464\" data-elementor-settings=\"{&quot;ha_cmc_init_switcher&quot;:&quot;no&quot;}\" data-elementor-post-type=\"page\">\n\t\t\t\t\t\t<section class=\"elementor-section elementor-top-section elementor-element elementor-element-4bc4e19c elementor-section-boxed elementor-section-height-default elementor-section-height-default qodef-elementor-content-no\" data-id=\"4bc4e19c\" data-element_type=\"section\" data-settings=\"{&quot;background_background&quot;:&quot;classic&quot;,&quot;_ha_eqh_enable&quot;:false}\">\n\t\t\t\t\t\t\t<div class=\"elementor-background-overlay\"><\/div>\n\t\t\t\t\t\t\t<div class=\"elementor-container elementor-column-gap-default\">\n\t\t\t\t\t<div class=\"elementor-column elementor-col-100 elementor-top-column elementor-element elementor-element-54fa5653\" data-id=\"54fa5653\" data-element_type=\"column\">\n\t\t\t<div class=\"elementor-widget-wrap elementor-element-populated\">\n\t\t\t\t\t\t<div class=\"elementor-element elementor-element-6008e757 elementor-widget elementor-widget-text-editor\" data-id=\"6008e757\" data-element_type=\"widget\" data-widget_type=\"text-editor.default\">\n\t\t\t\t<div class=\"elementor-widget-container\">\n\t\t\t\t\t\t\t\t\tSi vous avez des questions concernant nos services, veuillez remplir le formulaire de contact ci-dessous.\t\t\t\t\t\t\t\t<\/div>\n\t\t\t\t<\/div>\n\t\t\t\t<div class=\"elementor-element elementor-element-35d419d fluentform-widget-submit-button-custom elementor-widget elementor-widget-fluent-form-widget\" data-id=\"35d419d\" data-element_type=\"widget\" data-widget_type=\"fluent-form-widget.default\">\n\t\t\t\t<div class=\"elementor-widget-container\">\n\t\t\t\t\t\n            <div class=\"fluentform-widget-wrapper hide-fluent-form-labels fluentform-widget-align-default\">\n\n            \n            <div class='fluentform ff-default fluentform_wrapper_1 ffs_default_wrap'><form data-form_id=\"1\" id=\"fluentform_1\" class=\"frm-fluent-form fluent_form_1 ff-el-form-top ff_form_instance_1_1 ff-form-loading ffs_default\" data-form_instance=\"ff_form_instance_1_1\" method=\"POST\" action=\"\" ><fieldset  style=\"border: none!important;margin: 0!important;padding: 0!important;background-color: transparent!important;box-shadow: none!important;outline: none!important; min-inline-size: 100%;\">\n                    <legend class=\"ff_screen_reader_title\" style=\"display: block; margin: 0!important;padding: 0!important;height: 0!important;text-indent: -999999px;width: 0!important;overflow:hidden;\">D\u00e9mo du formulaire de contact<\/legend><input type='hidden' name='__fluent_form_embded_post_id' value='1464' \/><input type=\"hidden\" id=\"_fluentform_1_fluentformnonce\" name=\"_fluentform_1_fluentformnonce\" value=\"d6c30d97c3\" \/><input type=\"hidden\" name=\"_wp_http_referer\" value=\"\/fr\/wp-json\/wp\/v2\/pages\/1464\" \/><div data-type=\"name-element\" data-name=\"names\" class=\"ff-field_container ff-name-field-wrapper\" ><div class='ff-t-container'><div class='ff-t-cell'><div class='ff-el-group'><div class=\"ff-el-input--label ff-el-is-required asterisk-right\"><label for='ff_1_names_first_name_' >Pr\u00e9nom<\/label><\/div><div class='ff-el-input--content'><input type=\"text\" name=\"names[first_name]\" id=\"ff_1_names_first_name_\" class=\"ff-el-form-control\" placeholder=\"Pr\u00e9nom\" aria-invalid=\"false\" aria-required=\"true\"><\/div><\/div><\/div><div class='ff-t-cell'><div class='ff-el-group'><div class=\"ff-el-input--label ff-el-is-required asterisk-right\"><label for='ff_1_names_last_name_' >Nom de famille<\/label><\/div><div class='ff-el-input--content'><input type=\"text\" name=\"names[last_name]\" id=\"ff_1_names_last_name_\" class=\"ff-el-form-control\" placeholder=\"Nom de famille\" aria-invalid=\"false\" aria-required=\"true\"><\/div><\/div><\/div><\/div><\/div><div class='ff-el-group'><div class=\"ff-el-input--label ff-el-is-required asterisk-right\"><label for='ff_1_email' aria-label=\"E-mail\">E-mail<\/label><\/div><div class='ff-el-input--content'><input type=\"email\" name=\"email\" id=\"ff_1_email\" class=\"ff-el-form-control\" placeholder=\"Adresse e-mail\" data-name=\"email\"  aria-invalid=\"false\" aria-required=\"true\"><\/div><\/div><div class='ff-el-group'><div class=\"ff-el-input--label ff-el-is-required asterisk-right\"><label for='ff_1_subject' aria-label=\"Nom de l&#039;\u00e9v\u00e9nement\">Nom de l&#039;\u00e9v\u00e9nement<\/label><\/div><div class='ff-el-input--content'><input type=\"text\" name=\"subject\" class=\"ff-el-form-control\" placeholder=\"Nom de l&#039;\u00e9v\u00e9nement\" data-name=\"subject\" id=\"ff_1_subject\"  aria-invalid=\"false\" aria-required=\"true\"><\/div><\/div><div class='ff-el-group'><div class=\"ff-el-input--label ff-el-is-required asterisk-right\"><label for='ff_1_subject_1' aria-label=\"Lien Instagram\">Lien Instagram<\/label><\/div><div class='ff-el-input--content'><input type=\"text\" name=\"subject_1\" class=\"ff-el-form-control\" placeholder=\"Lien Instagram\" data-name=\"subject_1\" id=\"ff_1_subject_1\"  aria-invalid=\"false\" aria-required=\"true\"><\/div><\/div><div class='ff-el-group'><div class=\"ff-el-input--label asterisk-right\"><label for='ff_1_subject_2' aria-label=\"Lien de site Web\">Lien de site Web<\/label><\/div><div class='ff-el-input--content'><input type=\"text\" name=\"subject_2\" class=\"ff-el-form-control\" placeholder=\"Lien Instagram\" data-name=\"subject_2\" id=\"ff_1_subject_2\"  aria-invalid=\"false\" aria-required=\"false\"><\/div><\/div><div class='ff-el-group'><div class=\"ff-el-input--label asterisk-right\"><label for='ff_1_message' aria-label=\"Votre message\">Votre message<\/label><\/div><div class='ff-el-input--content'><textarea aria-invalid=\"false\" aria-required=\"false\" name=\"message\" id=\"ff_1_message\" class=\"ff-el-form-control\" placeholder=\"Votre message\" rows=\"4\" cols=\"2\" data-name=\"message\" ><\/textarea><\/div><\/div><div class='ff-el-group ff-text-left ff_submit_btn_wrapper'><button type=\"submit\" class=\"ff-btn ff-btn-submit ff-btn-md ff_btn_style\" >Soumettre<\/button><\/div><\/fieldset><input type=\"hidden\" name=\"trp-form-language\" value=\"fr\"\/><\/form><div id='fluentform_1_errors' class='ff-errors-in-stack ff_form_instance_1_1 ff-form-loading_errors ff_form_instance_1_1_errors'><\/div><\/div>        <script type=\"text\/javascript\">\n            window.fluent_form_ff_form_instance_1_1 = {\"id\":\"1\",\"settings\":{\"layout\":{\"labelPlacement\":\"top\",\"helpMessagePlacement\":\"with_label\",\"errorMessagePlacement\":\"inline\",\"cssClassName\":\"\",\"asteriskPlacement\":\"asterisk-right\"},\"restrictions\":{\"denyEmptySubmission\":{\"enabled\":false}}},\"form_instance\":\"ff_form_instance_1_1\",\"form_id_selector\":\"fluentform_1\",\"rules\":{\"names[first_name]\":{\"required\":{\"value\":true,\"message\":\"This field is required\"}},\"names[middle_name]\":{\"required\":{\"value\":false,\"message\":\"This field is required\"}},\"names[last_name]\":{\"required\":{\"value\":true,\"message\":\"This field is required\"}},\"email\":{\"required\":{\"value\":true,\"message\":\"This field is required\"},\"email\":{\"value\":true,\"message\":\"This field must contain a valid email\"}},\"subject\":{\"required\":{\"value\":true,\"message\":\"This field is required\"}},\"subject_1\":{\"required\":{\"value\":true,\"message\":\"This field is required\"}},\"subject_2\":{\"required\":{\"value\":false,\"message\":\"This field is required\"}},\"message\":{\"required\":{\"value\":false,\"message\":\"This field is required\"}}},\"debounce_time\":300};\n                    <\/script>\n                    <\/div>\n\n            \t\t\t\t<\/div>\n\t\t\t\t<\/div>\n\t\t\t\t\t<\/div>\n\t\t<\/div>\n\t\t\t\t\t<\/div>\n\t\t<\/section>\n\t\t\t\t<\/div>","protected":false},"excerpt":{"rendered":"<p>Si vous avez des questions concernant nos services, veuillez remplir le formulaire de contact ci-dessous. Formulaire de contact D\u00e9mo Pr\u00e9nom Nom E-mail Nom de l&#039;\u00e9v\u00e9nement Lien Instagram Lien vers le site Web Votre message Soumettre<\/p>","protected":false},"author":1,"featured_media":0,"parent":0,"menu_order":0,"comment_status":"closed","ping_status":"closed","template":"page-full-width.php","meta":{"footnotes":""},"class_list":["post-1464","page","type-page","status-publish","hentry"],"yoast_head":"<!-- This site is optimized with the Yoast SEO Premium plugin v22.5 (Yoast SEO v24.5) - https:\/\/yoast.com\/wordpress\/plugins\/seo\/ -->\n<title>Promote your Event - The Moroccan Electronic Music<\/title>\n<meta name=\"robots\" content=\"index, follow, max-snippet:-1, max-image-preview:large, max-video-preview:-1\" \/>\n<link rel=\"canonical\" href=\"https:\/\/themoroccanelectronicmusic.com\/fr\/faites-la-promotion-de-votre-evenement\/\" \/>\n<meta property=\"og:locale\" content=\"fr_FR\" \/>\n<meta property=\"og:type\" content=\"article\" \/>\n<meta property=\"og:title\" content=\"Promote your Event\" \/>\n<meta property=\"og:description\" content=\"If you have any questions concerning our services, please fill out the contact form below. Contact Form Demo First Name Last Name Email Event Name Instagram Link Website Link Your Message Submit\" \/>\n<meta property=\"og:url\" content=\"https:\/\/themoroccanelectronicmusic.com\/fr\/faites-la-promotion-de-votre-evenement\/\" \/>\n<meta property=\"og:site_name\" content=\"The Moroccan Electronic Music\" \/>\n<meta property=\"article:modified_time\" content=\"2023-04-09T15:23:32+00:00\" \/>\n<meta name=\"twitter:card\" content=\"summary_large_image\" \/>\n<meta name=\"twitter:label1\" content=\"Dur\u00e9e de lecture estim\u00e9e\" \/>\n\t<meta name=\"twitter:data1\" content=\"1 minute\" \/>\n<script type=\"application\/ld+json\" class=\"yoast-schema-graph\">{\"@context\":\"https:\/\/schema.org\",\"@graph\":[{\"@type\":\"WebPage\",\"@id\":\"https:\/\/themoroccanelectronicmusic.com\/promoteyourevent\/\",\"url\":\"https:\/\/themoroccanelectronicmusic.com\/promoteyourevent\/\",\"name\":\"Promote your Event - The Moroccan Electronic Music\",\"isPartOf\":{\"@id\":\"https:\/\/themoroccanelectronicmusic.com\/#website\"},\"datePublished\":\"2020-03-06T14:35:54+00:00\",\"dateModified\":\"2023-04-09T15:23:32+00:00\",\"breadcrumb\":{\"@id\":\"https:\/\/themoroccanelectronicmusic.com\/promoteyourevent\/#breadcrumb\"},\"inLanguage\":\"fr-FR\",\"potentialAction\":[{\"@type\":\"ReadAction\",\"target\":[\"https:\/\/themoroccanelectronicmusic.com\/promoteyourevent\/\"]}]},{\"@type\":\"BreadcrumbList\",\"@id\":\"https:\/\/themoroccanelectronicmusic.com\/promoteyourevent\/#breadcrumb\",\"itemListElement\":[{\"@type\":\"ListItem\",\"position\":1,\"name\":\"Home\",\"item\":\"https:\/\/themoroccanelectronicmusic.com\/\"},{\"@type\":\"ListItem\",\"position\":2,\"name\":\"Promote your Event\"}]},{\"@type\":\"WebSite\",\"@id\":\"https:\/\/themoroccanelectronicmusic.com\/#website\",\"url\":\"https:\/\/themoroccanelectronicmusic.com\/\",\"name\":\"The Moroccan Electronic Music\",\"description\":\"Electro Music Maroc\",\"potentialAction\":[{\"@type\":\"SearchAction\",\"target\":{\"@type\":\"EntryPoint\",\"urlTemplate\":\"https:\/\/themoroccanelectronicmusic.com\/?s={search_term_string}\"},\"query-input\":{\"@type\":\"PropertyValueSpecification\",\"valueRequired\":true,\"valueName\":\"search_term_string\"}}],\"inLanguage\":\"fr-FR\"}]}<\/script>\n<!-- \/ Yoast SEO Premium plugin. -->","yoast_head_json":{"title":"Promote your Event - The Moroccan Electronic Music","robots":{"index":"index","follow":"follow","max-snippet":"max-snippet:-1","max-image-preview":"max-image-preview:large","max-video-preview":"max-video-preview:-1"},"canonical":"https:\/\/themoroccanelectronicmusic.com\/fr\/faites-la-promotion-de-votre-evenement\/","og_locale":"fr_FR","og_type":"article","og_title":"Promote your Event","og_description":"If you have any questions concerning our services, please fill out the contact form below. Contact Form Demo First Name Last Name Email Event Name Instagram Link Website Link Your Message Submit","og_url":"https:\/\/themoroccanelectronicmusic.com\/fr\/faites-la-promotion-de-votre-evenement\/","og_site_name":"The Moroccan Electronic Music","article_modified_time":"2023-04-09T15:23:32+00:00","twitter_card":"summary_large_image","twitter_misc":{"Dur\u00e9e de lecture estim\u00e9e":"1 minute"},"schema":{"@context":"https:\/\/schema.org","@graph":[{"@type":"WebPage","@id":"https:\/\/themoroccanelectronicmusic.com\/promoteyourevent\/","url":"https:\/\/themoroccanelectronicmusic.com\/promoteyourevent\/","name":"Promote your Event - The Moroccan Electronic Music","isPartOf":{"@id":"https:\/\/themoroccanelectronicmusic.com\/#website"},"datePublished":"2020-03-06T14:35:54+00:00","dateModified":"2023-04-09T15:23:32+00:00","breadcrumb":{"@id":"https:\/\/themoroccanelectronicmusic.com\/promoteyourevent\/#breadcrumb"},"inLanguage":"fr-FR","potentialAction":[{"@type":"ReadAction","target":["https:\/\/themoroccanelectronicmusic.com\/promoteyourevent\/"]}]},{"@type":"BreadcrumbList","@id":"https:\/\/themoroccanelectronicmusic.com\/promoteyourevent\/#breadcrumb","itemListElement":[{"@type":"ListItem","position":1,"name":"Home","item":"https:\/\/themoroccanelectronicmusic.com\/"},{"@type":"ListItem","position":2,"name":"Promote your Event"}]},{"@type":"WebSite","@id":"https:\/\/themoroccanelectronicmusic.com\/#website","url":"https:\/\/themoroccanelectronicmusic.com\/","name":"The Moroccan Electronic Music","description":"Electro Music Maroc","potentialAction":[{"@type":"SearchAction","target":{"@type":"EntryPoint","urlTemplate":"https:\/\/themoroccanelectronicmusic.com\/?s={search_term_string}"},"query-input":{"@type":"PropertyValueSpecification","valueRequired":true,"valueName":"search_term_string"}}],"inLanguage":"fr-FR"}]}},"_links":{"self":[{"href":"https:\/\/themoroccanelectronicmusic.com\/fr\/wp-json\/wp\/v2\/pages\/1464","targetHints":{"allow":["GET"]}}],"collection":[{"href":"https:\/\/themoroccanelectronicmusic.com\/fr\/wp-json\/wp\/v2\/pages"}],"about":[{"href":"https:\/\/themoroccanelectronicmusic.com\/fr\/wp-json\/wp\/v2\/types\/page"}],"author":[{"embeddable":true,"href":"https:\/\/themoroccanelectronicmusic.com\/fr\/wp-json\/wp\/v2\/users\/1"}],"replies":[{"embeddable":true,"href":"https:\/\/themoroccanelectronicmusic.com\/fr\/wp-json\/wp\/v2\/comments?post=1464"}],"version-history":[{"count":16,"href":"https:\/\/themoroccanelectronicmusic.com\/fr\/wp-json\/wp\/v2\/pages\/1464\/revisions"}],"predecessor-version":[{"id":4797,"href":"https:\/\/themoroccanelectronicmusic.com\/fr\/wp-json\/wp\/v2\/pages\/1464\/revisions\/4797"}],"wp:attachment":[{"href":"https:\/\/themoroccanelectronicmusic.com\/fr\/wp-json\/wp\/v2\/media?parent=1464"}],"curies":[{"name":"wp","href":"https:\/\/api.w.org\/{rel}","templated":true}]}}